{"id":2,"date":"2017-04-10T06:29:09","date_gmt":"2017-04-10T06:29:09","guid":{"rendered":"http:\/\/dap-vietnam.com.vn\/?page_id=2"},"modified":"2021-03-24T07:33:34","modified_gmt":"2021-03-24T07:33:34","slug":"trang-chu","status":"publish","type":"page","link":"https:\/\/dap-vietnam.com.vn\/zh\/","title":{"rendered":"Trang Ch\u1ee7"},"content":{"rendered":"\n<p>Ch\u00e0o m\u1eebng c\u00e1c b\u1ea1n \u0111\u1ebfn v\u1edbi c\u00f4ng ty TNHH Dap Vi\u1ec7t Nam &#8211; \u0111\u1ea1i di\u1ec7n c\u1ee7a T\u1eadp \u0111o\u00e0n Shanggong Group Europe &#8211; t\u1eadp \u0111o\u00e0n \u0111\u1ea7u t\u01b0 ch\u1ee7 l\u1ef1c cho h\u00e3ng m\u00e1y may c\u1ee7a \u0110\u1ee9c D\u00fcrkopp Adler v\u00e0 PFAFF Industrial.<\/p>\n","protected":false},"excerpt":{"rendered":"<p>Ch\u00e0o m\u1eebng c\u00e1c b\u1ea1n \u0111\u1ebfn v\u1edbi c\u00f4ng ty TNHH Dap Vi\u1ec7t Nam &#038;#8 &hellip; <\/p>\n<p class=\"link-more\"><a href=\"https:\/\/dap-vietnam.com.vn\/zh\/\" class=\"more-link\">Continue reading<span class=\"screen-reader-text\"> &#8220;Trang Ch\u1ee7&#8221;<\/span><\/a><\/p>\n","protected":false},"author":1,"featured_media":833,"parent":0,"menu_order":0,"comment_status":"closed","ping_status":"open","template":"","meta":{"_acf_changed":false,"footnotes":""},"acf":[],"_links":{"self":[{"href":"https:\/\/dap-vietnam.com.vn\/zh\/wp-json\/wp\/v2\/pages\/2"}],"collection":[{"href":"https:\/\/dap-vietnam.com.vn\/zh\/wp-json\/wp\/v2\/pages"}],"about":[{"href":"https:\/\/dap-vietnam.com.vn\/zh\/wp-json\/wp\/v2\/types\/page"}],"author":[{"embeddable":true,"href":"https:\/\/dap-vietnam.com.vn\/zh\/wp-json\/wp\/v2\/users\/1"}],"replies":[{"embeddable":true,"href":"https:\/\/dap-vietnam.com.vn\/zh\/wp-json\/wp\/v2\/comments?post=2"}],"version-history":[{"count":12,"href":"https:\/\/dap-vietnam.com.vn\/zh\/wp-json\/wp\/v2\/pages\/2\/revisions"}],"predecessor-version":[{"id":1356,"href":"https:\/\/dap-vietnam.com.vn\/zh\/wp-json\/wp\/v2\/pages\/2\/revisions\/1356"}],"wp:featuredmedia":[{"embeddable":true,"href":"https:\/\/dap-vietnam.com.vn\/zh\/wp-json\/wp\/v2\/media\/833"}],"wp:attachment":[{"href":"https:\/\/dap-vietnam.com.vn\/zh\/wp-json\/wp\/v2\/media?parent=2"}],"curies":[{"name":"wp","href":"https:\/\/api.w.org\/{rel}","templated":true}]}}