{"id":1587,"date":"2021-03-24T03:27:19","date_gmt":"2021-03-24T03:27:19","guid":{"rendered":"http:\/\/dap-vietnam.com.vn\/?page_id=1587"},"modified":"2023-10-04T03:28:16","modified_gmt":"2023-10-04T03:28:16","slug":"lien-he","status":"publish","type":"page","link":"https:\/\/dap-vietnam.com.vn\/zh\/lien-he\/","title":{"rendered":"Li\u00ean H\u1ec7"},"content":{"rendered":"<p><span data-sheets-value=\"{&quot;1&quot;:2,&quot;2&quot;:&quot;- T\u00ean c\u00f4ng ty: C\u00d4NG TY TNHH DAP VI\u1ec6T NAM \\n- \u0110\u1ecba ch\u1ec9: 118 - 120 \u0111\u01b0\u1eddng N\u1ed9i Khu M\u1ef9 Kim 2, Khu M\u1ef9 Kim 2 (H25), Ph\u01b0\u1eddng T\u00e2n Phong, Qu\u1eadn 7, TP.H\u1ed3 Ch\u00ed Minh, Vi\u1ec7t Nam \\n- \u0110i\u1ec7n tho\u1ea1i: +84 28 54125260 \\n- M\u00e3 s\u1ed1 thu\u1ebf: 0314176484 \\n- Ng\u01b0\u1eddi \u0111\u1ea1i di\u1ec7n: Xue Zhong \\nCh\u1ee9c v\u1ee5: T\u1ed5ng gi\u00e1m \u0111\u1ed1c&quot;}\" data-sheets-userformat=\"{&quot;2&quot;:277059,&quot;3&quot;:{&quot;1&quot;:0},&quot;4&quot;:[null,2,16777215],&quot;9&quot;:0,&quot;12&quot;:0,&quot;14&quot;:[null,2,2236962],&quot;15&quot;:&quot;Arial&quot;,&quot;16&quot;:11,&quot;21&quot;:1}\">T\u00ean c\u00f4ng ty: C\u00d4NG TY TNHH DAP VI\u1ec6T NAM<\/span><\/p>\r\n<p><span data-sheets-value=\"{&quot;1&quot;:2,&quot;2&quot;:&quot;- T\u00ean c\u00f4ng ty: C\u00d4NG TY TNHH DAP VI\u1ec6T NAM \\n- \u0110\u1ecba ch\u1ec9: 118 - 120 \u0111\u01b0\u1eddng N\u1ed9i Khu M\u1ef9 Kim 2, Khu M\u1ef9 Kim 2 (H25), Ph\u01b0\u1eddng T\u00e2n Phong, Qu\u1eadn 7, TP.H\u1ed3 Ch\u00ed Minh, Vi\u1ec7t Nam \\n- \u0110i\u1ec7n tho\u1ea1i: +84 28 54125260 \\n- M\u00e3 s\u1ed1 thu\u1ebf: 0314176484 \\n- Ng\u01b0\u1eddi \u0111\u1ea1i di\u1ec7n: Xue Zhong \\nCh\u1ee9c v\u1ee5: T\u1ed5ng gi\u00e1m \u0111\u1ed1c&quot;}\" data-sheets-userformat=\"{&quot;2&quot;:277059,&quot;3&quot;:{&quot;1&quot;:0},&quot;4&quot;:[null,2,16777215],&quot;9&quot;:0,&quot;12&quot;:0,&quot;14&quot;:[null,2,2236962],&quot;15&quot;:&quot;Arial&quot;,&quot;16&quot;:11,&quot;21&quot;:1}\">\u0110\u1ecba ch\u1ec9: 118 &#8211; 120 \u0111\u01b0\u1eddng N\u1ed9i Khu M\u1ef9 Kim 2, Khu M\u1ef9 Kim 2 (H25), Ph\u01b0\u1eddng T\u00e2n Phong, Qu\u1eadn 7, TP.H\u1ed3 Ch\u00ed Minh, Vi\u1ec7t Nam<\/span><\/p>\r\n<p><span data-sheets-value=\"{&quot;1&quot;:2,&quot;2&quot;:&quot;- T\u00ean c\u00f4ng ty: C\u00d4NG TY TNHH DAP VI\u1ec6T NAM \\n- \u0110\u1ecba ch\u1ec9: 118 - 120 \u0111\u01b0\u1eddng N\u1ed9i Khu M\u1ef9 Kim 2, Khu M\u1ef9 Kim 2 (H25), Ph\u01b0\u1eddng T\u00e2n Phong, Qu\u1eadn 7, TP.H\u1ed3 Ch\u00ed Minh, Vi\u1ec7t Nam \\n- \u0110i\u1ec7n tho\u1ea1i: +84 28 54125260 \\n- M\u00e3 s\u1ed1 thu\u1ebf: 0314176484 \\n- Ng\u01b0\u1eddi \u0111\u1ea1i di\u1ec7n: Xue Zhong \\nCh\u1ee9c v\u1ee5: T\u1ed5ng gi\u00e1m \u0111\u1ed1c&quot;}\" data-sheets-userformat=\"{&quot;2&quot;:277059,&quot;3&quot;:{&quot;1&quot;:0},&quot;4&quot;:[null,2,16777215],&quot;9&quot;:0,&quot;12&quot;:0,&quot;14&quot;:[null,2,2236962],&quot;15&quot;:&quot;Arial&quot;,&quot;16&quot;:11,&quot;21&quot;:1}\">\u0110i\u1ec7n tho\u1ea1i: +84 28 54125260<\/span><\/p>\r\n<p>Fax: 0<span data-sheets-value=\"{&quot;1&quot;:2,&quot;2&quot;:&quot;- T\u00ean c\u00f4ng ty: C\u00d4NG TY TNHH DAP VI\u1ec6T NAM \\n- \u0110\u1ecba ch\u1ec9: 118 - 120 \u0111\u01b0\u1eddng N\u1ed9i Khu M\u1ef9 Kim 2, Khu M\u1ef9 Kim 2 (H25), Ph\u01b0\u1eddng T\u00e2n Phong, Qu\u1eadn 7, TP.H\u1ed3 Ch\u00ed Minh, Vi\u1ec7t Nam \\n- \u0110i\u1ec7n tho\u1ea1i: +84 28 54125260 \\n- M\u00e3 s\u1ed1 thu\u1ebf: 0314176484 \\n- Ng\u01b0\u1eddi \u0111\u1ea1i di\u1ec7n: Xue Zhong \\nCh\u1ee9c v\u1ee5: T\u1ed5ng gi\u00e1m \u0111\u1ed1c&quot;}\" data-sheets-userformat=\"{&quot;2&quot;:277059,&quot;3&quot;:{&quot;1&quot;:0},&quot;4&quot;:[null,2,16777215],&quot;9&quot;:0,&quot;12&quot;:0,&quot;14&quot;:[null,2,2236962],&quot;15&quot;:&quot;Arial&quot;,&quot;16&quot;:11,&quot;21&quot;:1}\">28 54125264<\/span><\/p>\r\n<p>Email: info@dap-vietnam.com<\/p>\r\n<p><span data-sheets-value=\"{&quot;1&quot;:2,&quot;2&quot;:&quot;- T\u00ean c\u00f4ng ty: C\u00d4NG TY TNHH DAP VI\u1ec6T NAM \\n- \u0110\u1ecba ch\u1ec9: 118 - 120 \u0111\u01b0\u1eddng N\u1ed9i Khu M\u1ef9 Kim 2, Khu M\u1ef9 Kim 2 (H25), Ph\u01b0\u1eddng T\u00e2n Phong, Qu\u1eadn 7, TP.H\u1ed3 Ch\u00ed Minh, Vi\u1ec7t Nam \\n- \u0110i\u1ec7n tho\u1ea1i: +84 28 54125260 \\n- M\u00e3 s\u1ed1 thu\u1ebf: 0314176484 \\n- Ng\u01b0\u1eddi \u0111\u1ea1i di\u1ec7n: Xue Zhong \\nCh\u1ee9c v\u1ee5: T\u1ed5ng gi\u00e1m \u0111\u1ed1c&quot;}\" data-sheets-userformat=\"{&quot;2&quot;:277059,&quot;3&quot;:{&quot;1&quot;:0},&quot;4&quot;:[null,2,16777215],&quot;9&quot;:0,&quot;12&quot;:0,&quot;14&quot;:[null,2,2236962],&quot;15&quot;:&quot;Arial&quot;,&quot;16&quot;:11,&quot;21&quot;:1}\">M\u00e3 s\u1ed1 thu\u1ebf: 0314176484<\/span><\/p>\r\n<ul>\r\n<li>Hotline: 028 5412 5260<\/li>\r\n<li>Kinh doanh: 028 5412 5260 (Ext: 103)\u00a0<\/li>\r\n<li>H\u1ed7 tr\u1ee3 k\u0129 thu\u1eadt: 028 5412 5260 (Ext: 104)\u00a0<\/li>\r\n<li>T\u00e0i ch\u00ednh : 028 5412 5264<\/li>\r\n<li>Nh\u00e2n s\u1ef1: 028 5412 5264<\/li>\r\n<\/ul>\r\n<div>\r\n<div class=\"cwj9ozl2 qbxu24ho bxzzcbxg lxuwth05 h2mp5456 ue3kfks5 pw54ja7n uo3d90p7 l82x9zwi goun2846 ccm00jje s44p3ltw mk2mc5f4 frvqaej8 ed0hlay0 afxsp9o4 jcgfde61 tvfksri0 ozuftl9m\">\r\n<div class=\"\">\r\n<div class=\"hqeojc4l\">\r\n<div class=\"\" dir=\"auto\">\r\n<div class=\"\" dir=\"auto\">\r\n<div class=\"ecm0bbzt hv4rvrfc ihqw7lf3 dati1w0a\" data-ad-comet-preview=\"message\" data-ad-preview=\"message\">\r\n<div class=\"j83agx80 cbu4d94t ew0dbk1b irj2b8pg\">\r\n<div class=\"qzhwtbm6 knvmm38d\">\r\n<div class=\"o9v6fnle cxmmr5t8 oygrvhab hcukyx3x c1et5uql ii04i59q\">\r\n<div dir=\"auto\">&gt;&gt;&gt; M\u00e1y may gia \u0111\u00ecnh Butterfly: <a class=\"oajrlxb2 g5ia77u1 qu0x051f esr5mh6w e9989ue4 r7d6kgcz rq0escxv nhd2j8a9 nc684nl6 p7hjln8o kvgmc6g5 cxmmr5t8 oygrvhab hcukyx3x jb3vyjys rz4wbd8a qt6c0cv9 a8nywdso i1ao9s8h esuyzwwr f1sip0of lzcic4wl py34i1dx gpro0wi8\" tabindex=\"0\" role=\"link\" href=\"http:\/\/dap-vietnam.com.vn\/product-category\/may-may-gia-dinh\/?fbclid=IwAR00mkb8vTPFxid1uOkubtkfiekgQPb5vKaNoAFI8YBGxDAIlW2Kd2dnwlU\" target=\"_blank\" rel=\"nofollow noopener\">http:\/\/dap-vietnam.com.vn\/product-category\/may-may-gia-dinh\/<\/a><\/div>\r\n<div dir=\"auto\">&gt;&gt;&gt; M\u00e1y may c\u00f4ng nghi\u1ec7p:<a class=\"oajrlxb2 g5ia77u1 qu0x051f esr5mh6w e9989ue4 r7d6kgcz rq0escxv nhd2j8a9 nc684nl6 p7hjln8o kvgmc6g5 cxmmr5t8 oygrvhab hcukyx3x jb3vyjys rz4wbd8a qt6c0cv9 a8nywdso i1ao9s8h esuyzwwr f1sip0of lzcic4wl py34i1dx gpro0wi8\" tabindex=\"0\" role=\"link\" href=\"http:\/\/dap-vietnam.com.vn\/pro...\/heavy-duty-sewing-machines\/?fbclid=IwAR3zbE_JTiO157XjAbHIR0zFT_0pxvpLERNVP7qvazEXR8k2V6q1bJcWitc\" target=\"_blank\" rel=\"nofollow noopener\">http:\/\/dap-vietnam.com.vn\/pro&#8230;\/heavy-duty-sewing-machines\/<\/a><\/div>\r\n<div dir=\"auto\">\u2014\u2014\u2014\u2014\u2014\u2014\u2014\u2014\u2014\u2014\u2014\u2014\u2014\u2014\u2014\u2014\u2013<\/div>\r\n<div dir=\"auto\">C\u00d4NG TY TNHH DAP VIETNAM \u2013 \u0111\u1ea1i di\u1ec7n c\u1ee7a T\u1eadp \u0111o\u00e0n Shang Gong- t\u1eadp \u0111o\u00e0n \u0111\u1ea7u t\u01b0 ch\u1ee7 l\u1ef1c cho h\u00e3ng m\u00e1y may n\u1ed5i ti\u1ebfng nh\u01b0 D\u00dcRKOPP ADLER, PFAFF, CKSL, SGGEMSY, MAUSER, RICHPEACE v\u00e0 BUTTERFLY t\u1ea1i Vi\u1ec7t Nam<\/div>\r\n<div dir=\"auto\"><span class=\"pq6dq46d tbxw36s4 knj5qynh kvgmc6g5 ditlmg2l oygrvhab nvdbi5me sf5mxxl7 gl3lb2sf hhz5lgdu\"><img loading=\"lazy\" decoding=\"async\" src=\"https:\/\/static.xx.fbcdn.net\/images\/emoji.php\/v9\/tbe\/1\/16\/1f4e7.png\" alt=\"?\" width=\"16\" height=\"16\" \/><\/span>Website: <a class=\"oajrlxb2 g5ia77u1 qu0x051f esr5mh6w e9989ue4 r7d6kgcz rq0escxv nhd2j8a9 nc684nl6 p7hjln8o kvgmc6g5 cxmmr5t8 oygrvhab hcukyx3x jb3vyjys rz4wbd8a qt6c0cv9 a8nywdso i1ao9s8h esuyzwwr f1sip0of lzcic4wl py34i1dx gpro0wi8\" tabindex=\"0\" role=\"link\" href=\"http:\/\/dap-vietnam.com.vn\/?fbclid=IwAR2J8h2KHFL2o-DQeCm04TynqT4uNwVB-xTqA6EyUIDfbiZr29LojjlDujg\" target=\"_blank\" rel=\"nofollow noopener\">http:\/\/dap-vietnam.com.vn<\/a><\/div>\r\n<div dir=\"auto\"><span class=\"pq6dq46d tbxw36s4 knj5qynh kvgmc6g5 ditlmg2l oygrvhab nvdbi5me sf5mxxl7 gl3lb2sf hhz5lgdu\"><img loading=\"lazy\" decoding=\"async\" src=\"https:\/\/static.xx.fbcdn.net\/images\/emoji.php\/v9\/tc0\/1\/16\/1f4e9.png\" alt=\"?\" width=\"16\" height=\"16\" \/><\/span>Facebook: <a class=\"oajrlxb2 g5ia77u1 qu0x051f esr5mh6w e9989ue4 r7d6kgcz rq0escxv nhd2j8a9 nc684nl6 p7hjln8o kvgmc6g5 cxmmr5t8 oygrvhab hcukyx3x jb3vyjys rz4wbd8a qt6c0cv9 a8nywdso i1ao9s8h esuyzwwr f1sip0of lzcic4wl oo9gr5id gpro0wi8 lrazzd5p\" tabindex=\"0\" role=\"link\" href=\"https:\/\/www.facebook.com\/DapVietnamcoltdShanggong?__cft__[0]=AZVGi83bh81SXzZx5oqO--tVUgfWvoj4Cdxs6Ini4NS325UWMFr7HChluWsW3yXhgl7gUYDBCFffvkobms7zuAxdkQ-MTwlehQ0SNlZQ5WEtgS12Pw3V8kvCu3gxi1AuzVYNxu_edKehMsvyaXWVg4WYvrVaZOGSxuEuTyQ36Mdd2w&amp;__tn__=-UK-y-R\">https:\/\/www.facebook.com\/DapVietnamcoltdShanggong<\/a><\/div>\r\n<div dir=\"auto\"><span class=\"pq6dq46d tbxw36s4 knj5qynh kvgmc6g5 ditlmg2l oygrvhab nvdbi5me sf5mxxl7 gl3lb2sf hhz5lgdu\"><img loading=\"lazy\" decoding=\"async\" src=\"https:\/\/static.xx.fbcdn.net\/images\/emoji.php\/v9\/t22\/1\/16\/260e.png\" alt=\"\u260e\ufe0f\" width=\"16\" height=\"16\" \/><\/span>Hotline: 028 5412 5260<\/div>\r\n<div dir=\"auto\"><span class=\"pq6dq46d tbxw36s4 knj5qynh kvgmc6g5 ditlmg2l oygrvhab nvdbi5me sf5mxxl7 gl3lb2sf hhz5lgdu\"><img loading=\"lazy\" decoding=\"async\" src=\"https:\/\/static.xx.fbcdn.net\/images\/emoji.php\/v9\/tf6\/1\/16\/1f3e0.png\" alt=\"?\" width=\"16\" height=\"16\" \/><\/span>\u0110\u1ecba ch\u1ec9: 118 \u2013 120 \u0111\u01b0\u1eddng n\u1ed9i khu M\u1ef9 Kim 2, Khu M\u1ef9 Kim 2 (H25), Ph\u01b0\u1eddng T\u00e2n Phong, Qu\u1eadn 7, TPHCM.<\/div>\r\n<\/div>\r\n<\/div>\r\n<\/div>\r\n<\/div>\r\n<\/div>\r\n<\/div>\r\n<\/div>\r\n<\/div>\r\n<\/div>\r\n<\/div>\r\n<div>\r\n<div class=\"stjgntxs ni8dbmo4 l82x9zwi uo3d90p7 h905i5nu monazrh9\" data-visualcompletion=\"ignore-dynamic\">\r\n<div>\r\n<div>\r\n<div>\r\n<div class=\"ozuftl9m tvfksri0\">\r\n<div class=\"rq0escxv l9j0dhe7 du4w35lb j83agx80 pfnyh3mw i1fnvgqd gs1a9yip owycx6da btwxx1t3 ph5uu5jm b3onmgus e5nlhep0 ecm0bbzt nkwizq5d roh60bw9 mysgfdmx hddg9phg\">\r\n<div class=\"rq0escxv l9j0dhe7 du4w35lb j83agx80 cbu4d94t g5gj957u d2edcug0 hpfvmrgz rj1gh0hx buofh1pr n8tt0mok hyh9befq iuny7tx3 ipjc6fyt\">\r\n<div class=\"oajrlxb2 gs1a9yip g5ia77u1 mtkw9kbi tlpljxtp qensuy8j ppp5ayq2 goun2846 ccm00jje s44p3ltw mk2mc5f4 rt8b4zig n8ej3o3l agehan2d sk4xxmp2 rq0escxv nhd2j8a9 pq6dq46d mg4g778l btwxx1t3 pfnyh3mw p7hjln8o kvgmc6g5 cxmmr5t8 oygrvhab hcukyx3x tgvbjcpo hpfvmrgz jb3vyjys rz4wbd8a qt6c0cv9 a8nywdso l9j0dhe7 i1ao9s8h esuyzwwr f1sip0of du4w35lb lzcic4wl abiwlrkh p8dawk7l\" tabindex=\"0\" role=\"button\" aria-label=\"Th\u00edch\">\r\n<div class=\"rq0escxv l9j0dhe7 du4w35lb j83agx80 g5gj957u rj1gh0hx buofh1pr hpfvmrgz taijpn5t bp9cbjyn owycx6da btwxx1t3 d1544ag0 tw6a2znq jb3vyjys dlv3wnog rl04r1d5 mysgfdmx hddg9phg qu8okrzs g0qnabr5\">\r\n<div class=\"rq0escxv l9j0dhe7 du4w35lb j83agx80 cbu4d94t pfnyh3mw d2edcug0 hpfvmrgz ph5uu5jm b3onmgus iuny7tx3 ipjc6fyt\">\u00a0<\/div>\r\n<\/div>\r\n<\/div>\r\n<\/div>\r\n<\/div>\r\n<\/div>\r\n<\/div>\r\n<\/div>\r\n<\/div>\r\n<\/div>\r\n<\/div>\r\n<p><img loading=\"lazy\" decoding=\"async\" class=\"alignnone size-full wp-image-1292\" src=\"http:\/\/dap-vietnam.com.vn\/wp-content\/uploads\/2020\/11\/Sequence-01.00_00_55_03.Still002.jpg\" alt=\"\" width=\"640\" height=\"360\" srcset=\"https:\/\/dap-vietnam.com.vn\/wp-content\/uploads\/2020\/11\/Sequence-01.00_00_55_03.Still002.jpg 640w, https:\/\/dap-vietnam.com.vn\/wp-content\/uploads\/2020\/11\/Sequence-01.00_00_55_03.Still002-300x169.jpg 300w\" sizes=\"(max-width: 640px) 100vw, 640px\" \/><\/p>","protected":false},"excerpt":{"rendered":"<p>T\u00ean c\u00f4ng ty: C\u00d4NG TY TNHH DAP VI\u1ec6T NAM \u0110\u1ecba ch\u1ec9: 118 &#038;#8 &hellip; <\/p>\n<p class=\"link-more\"><a href=\"https:\/\/dap-vietnam.com.vn\/zh\/lien-he\/\" class=\"more-link\">Continue reading<span class=\"screen-reader-text\"> &#8220;Li\u00ean H\u1ec7&#8221;<\/span><\/a><\/p>\n","protected":false},"author":2,"featured_media":1292,"parent":0,"menu_order":0,"comment_status":"closed","ping_status":"closed","template":"","meta":{"_acf_changed":false,"footnotes":""},"acf":[],"_links":{"self":[{"href":"https:\/\/dap-vietnam.com.vn\/zh\/wp-json\/wp\/v2\/pages\/1587"}],"collection":[{"href":"https:\/\/dap-vietnam.com.vn\/zh\/wp-json\/wp\/v2\/pages"}],"about":[{"href":"https:\/\/dap-vietnam.com.vn\/zh\/wp-json\/wp\/v2\/types\/page"}],"author":[{"embeddable":true,"href":"https:\/\/dap-vietnam.com.vn\/zh\/wp-json\/wp\/v2\/users\/2"}],"replies":[{"embeddable":true,"href":"https:\/\/dap-vietnam.com.vn\/zh\/wp-json\/wp\/v2\/comments?post=1587"}],"version-history":[{"count":4,"href":"https:\/\/dap-vietnam.com.vn\/zh\/wp-json\/wp\/v2\/pages\/1587\/revisions"}],"predecessor-version":[{"id":21404,"href":"https:\/\/dap-vietnam.com.vn\/zh\/wp-json\/wp\/v2\/pages\/1587\/revisions\/21404"}],"wp:featuredmedia":[{"embeddable":true,"href":"https:\/\/dap-vietnam.com.vn\/zh\/wp-json\/wp\/v2\/media\/1292"}],"wp:attachment":[{"href":"https:\/\/dap-vietnam.com.vn\/zh\/wp-json\/wp\/v2\/media?parent=1587"}],"curies":[{"name":"wp","href":"https:\/\/api.w.org\/{rel}","templated":true}]}}