{"id":1901,"date":"2021-06-08T06:29:30","date_gmt":"2021-06-08T06:29:30","guid":{"rendered":"http:\/\/dap-vietnam.com.vn\/?page_id=1901"},"modified":"2021-07-20T08:26:35","modified_gmt":"2021-07-20T08:26:35","slug":"tai-lieu","status":"publish","type":"page","link":"https:\/\/dap-vietnam.com.vn\/en\/tai-lieu\/","title":{"rendered":"T\u00e0i Li\u1ec7u"},"content":{"rendered":"\n<p><span style=\"color: #003366;\"><strong>T\u00e0i Li\u1ec7u Cho M\u00e1y May S\u1ea3n Xu\u1ea5t May M\u1eb7c Duerkopp Adler<\/strong><\/span><\/p>\n<p><img decoding=\"async\" src=\"https:\/\/www.duerkopp-adler.com\/commons\/download\/technologie_praxis_images\/mp_garment_2019.jpg\"><a href=\"https:\/\/www.duerkopp-adler.com\/commons\/download\/technology_praxis\/MP-Garment-2019_LQ.pdf\"><img loading=\"lazy\" decoding=\"async\" class=\"alignnone\" src=\"https:\/\/www.duerkopp-adler.com\/commons\/news\/images\/Button-Download.jpg\" alt=\"Button-Download\" width=\"127\" height=\"50\"><\/a><\/p>\n<p>&nbsp;<\/p>\n<p><span style=\"color: #003366;\"><strong>T\u00e0i Li\u1ec7u Cho M\u00e1y May May S\u1ea3n Xu\u1ea5t N\u1ed9i Th\u1ea5t, N\u1ed9i Th\u1ea5t \u00d4 t\u00f4 v\u00e0 C\u00f4ng Ngh\u1ec7 Duerkopp Adler<\/strong><\/span><\/p>\n<p><img decoding=\"async\" src=\"https:\/\/www.duerkopp-adler.com\/commons\/download\/technologie_praxis_images\/mp_industrial_2019.jpg\"><a href=\"https:\/\/www.duerkopp-adler.com\/commons\/download\/technology_praxis\/MP-Industrial-2019_LQ.pdf\"><img loading=\"lazy\" decoding=\"async\" class=\"alignnone\" src=\"https:\/\/www.duerkopp-adler.com\/commons\/news\/images\/Button-Download.jpg\" alt=\"Button-Download\" width=\"127\" height=\"50\"><\/a><\/p>\n<p>&nbsp;<\/p>\n<p><span style=\"color: #003366;\"><strong>T\u00e0i Li\u1ec7u Cho Thi\u1ebft B\u1ecb B\u1ed5 Sung M\u00e1y May C\u00f4ng Nghi\u1ec7p Duerkopp Adler<\/strong><\/span><\/p>\n<p><img decoding=\"async\" src=\"https:\/\/www.duerkopp-adler.com\/commons\/download\/technologie_praxis_images\/zak-downloads-2021.jpg\"><a href=\"https:\/\/www.duerkopp-adler.com\/commons\/download\/technology_praxis\/additional_equipment_catalogue_2021.pdf\"><img loading=\"lazy\" decoding=\"async\" class=\"alignnone\" src=\"https:\/\/www.duerkopp-adler.com\/commons\/news\/images\/Button-Download.jpg\" alt=\"Button-Download\" width=\"127\" height=\"50\"><\/a><\/p>\n<p>&nbsp;<\/p>\n<p><span style=\"color: #003366;\"><strong>T\u00e0i Li\u1ec7u Cho \u1ed4 M\u00e1y M\u00e1y May C\u00f4ng Nghi\u1ec7p Duerkopp Adler<\/strong><\/span><\/p>\n<p><img decoding=\"async\" src=\"https:\/\/www.duerkopp-adler.com\/commons\/download\/technologie_praxis_images\/hooks-downloads-2020.jpg\"><a href=\"https:\/\/www.duerkopp-adler.com\/commons\/download\/technology_praxis\/hook_catalogue_2020.pdf\"><img loading=\"lazy\" decoding=\"async\" class=\"alignnone\" src=\"https:\/\/www.duerkopp-adler.com\/commons\/news\/images\/Button-Download.jpg\" alt=\"Button-Download\" width=\"127\" height=\"50\"><\/a><\/p>\n<p>&nbsp;<\/p>\n<p><span style=\"color: #003366;\"><strong>T\u00e0i Li\u1ec7u Cho M\u00e1y May C\u00f4ng Nghi\u1ec7p Ph\u00e2n Kh\u00fac \u00c1o Kho\u00e1c Duerkopp Adler<\/strong><\/span><\/p>\n<p><img decoding=\"async\" src=\"https:\/\/www.duerkopp-adler.com\/commons\/download\/technologie_praxis_images\/segm-jacket.jpg\"><a href=\"https:\/\/www.duerkopp-adler.com\/commons\/download\/technology_praxis\/segm_jacket_2017_da-beisler-pfaff_LQ.pdf\"><img loading=\"lazy\" decoding=\"async\" class=\"alignnone\" src=\"https:\/\/www.duerkopp-adler.com\/commons\/news\/images\/Button-Download.jpg\" alt=\"Button-Download\" width=\"127\" height=\"50\"><\/a><\/p>\n<p>&nbsp;<\/p>\n<p><span style=\"color: #003366;\"><strong>T\u00e0i Li\u1ec7u Cho M\u00e1y May C\u00f4ng Nghi\u1ec7p S\u1ea3n Xu\u1ea5t N\u1ed9i Th\u1ea5t \u00d4T\u00f4 Duerkopp Adler<\/strong><\/span><\/p>\n<p><img decoding=\"async\" src=\"https:\/\/www.duerkopp-adler.com\/commons\/download\/technologie_praxis_images\/segm-automotive.jpg\"><a href=\"https:\/\/www.duerkopp-adler.com\/commons\/download\/technology_praxis\/seg_automotive_da_pfaff_ksl_lq.pdf\"><img loading=\"lazy\" decoding=\"async\" class=\"alignnone\" src=\"https:\/\/www.duerkopp-adler.com\/commons\/news\/images\/Button-Download.jpg\" alt=\"Button-Download\" width=\"127\" height=\"50\"><\/a><\/p>\n<p>&nbsp;<\/p>\n<p><span style=\"color: #003366;\"><strong>T\u00e0i Li\u1ec7u Cho M\u00e1y May C\u00f4ng Nghi\u1ec7p S\u1ea3n Xu\u1ea5t N\u1ed9i Th\u1ea5t Duerkopp Adler<\/strong><\/span><\/p>\n<p><img decoding=\"async\" src=\"https:\/\/www.duerkopp-adler.com\/commons\/download\/technologie_praxis_images\/segm-upholstery_2019.jpg\"><a href=\"https:\/\/www.duerkopp-adler.com\/commons\/download\/technology_praxis\/group_segment_upholstery_2019_MQ.pdf\"><img loading=\"lazy\" decoding=\"async\" class=\"alignnone\" src=\"https:\/\/www.duerkopp-adler.com\/commons\/news\/images\/Button-Download.jpg\" alt=\"Button-Download\" width=\"127\" height=\"50\"><\/a><\/p>\n<p>&nbsp;<\/p>\n<p><span style=\"color: #003366;\"><strong>T\u00e0i Li\u1ec7u Cho M\u00e1y May C\u00f4ng Nghi\u1ec7p S\u1ea3n Xu\u1ea5t N\u1ec7m Duerkopp Adler<\/strong><\/span><\/p>\n<p><img decoding=\"async\" src=\"https:\/\/www.duerkopp-adler.com\/commons\/download\/technologie_praxis_images\/segm-mattresses_2020.jpg\"><a href=\"https:\/\/www.duerkopp-adler.com\/commons\/download\/technology_praxis\/seg_mattresses_pfaff_da_ksl.pdf\"><img loading=\"lazy\" decoding=\"async\" class=\"alignnone\" src=\"https:\/\/www.duerkopp-adler.com\/commons\/news\/images\/Button-Download.jpg\" alt=\"Button-Download\" width=\"127\" height=\"50\"><\/a><\/p>\n<p>&nbsp;<\/p>\n<p><span style=\"color: #003366;\"><strong>T\u00e0i Li\u1ec7u Cho M\u00e1y May C\u00f4ng Nghi\u1ec7p S\u1ea3n Xu\u1ea5t \u00c1o S\u01a1 Mi Duerkopp Adler<\/strong><\/span><\/p>\n<p><img decoding=\"async\" src=\"https:\/\/www.duerkopp-adler.com\/commons\/download\/technologie_praxis_images\/segm-shirt_354x260px.jpg\"><a href=\"https:\/\/www.duerkopp-adler.com\/commons\/download\/technology_praxis\/Segm_Shirt_DA_Beisler_Pfaff_2016.pdf\"><img loading=\"lazy\" decoding=\"async\" class=\"alignnone\" src=\"https:\/\/www.duerkopp-adler.com\/commons\/news\/images\/Button-Download.jpg\" alt=\"Button-Download\" width=\"127\" height=\"50\"><\/a><\/p>\n<p>&nbsp;<\/p>\n<p><span style=\"color: #003366;\"><strong>Gi\u1edbi Thi\u1ec7u M\u00e1y May C\u00f4ng Nghi\u1ec7p Cao C\u1ea5p M-Type Duerkopp Adler<\/strong><\/span><\/p>\n<p><img decoding=\"async\" src=\"https:\/\/www.duerkopp-adler.com\/commons\/download\/technologie_praxis_images\/DA-Flyer-PREMIUM.jpg\"><a href=\"https:\/\/www.duerkopp-adler.com\/commons\/download\/technology_praxis\/Duerkopp-Adler-Premium-Flyer-Web.pdf\"><img loading=\"lazy\" decoding=\"async\" class=\"alignnone\" src=\"https:\/\/www.duerkopp-adler.com\/commons\/news\/images\/Button-Download.jpg\" alt=\"Button-Download\" width=\"127\" height=\"50\"><\/a><\/p>\n<p>&nbsp;<\/p>\n<p><span style=\"color: #003366;\"><strong>T\u00e0i Li\u1ec7u Cho M\u00e1y May C\u00f4ng Nghi\u1ec7p S\u1ea3n Xu\u1ea5t Qu\u1ea7n Jeans Duerkopp Adler<\/strong><\/span><\/p>\n<p><img decoding=\"async\" src=\"https:\/\/www.duerkopp-adler.com\/commons\/download\/technologie_praxis_images\/seg_jeans_pfaff_da.jpg\"><a href=\"https:\/\/www.duerkopp-adler.com\/commons\/download\/technology_praxis\/seg_jeans_pfaff_da.pdf\"><img loading=\"lazy\" decoding=\"async\" class=\"alignnone\" src=\"https:\/\/www.duerkopp-adler.com\/commons\/news\/images\/Button-Download.jpg\" alt=\"Button-Download\" width=\"127\" height=\"50\"><\/a><\/p>\n<p>&nbsp;<\/p>\n<p><span style=\"color: #003366;\"><strong>T\u00e0i Li\u1ec7u Cho M\u00e1y May C\u00f4ng Nghi\u1ec7p S\u1ea3n Xu\u1ea5t Gi\u00e0y Duerkopp Adler<\/strong><\/span><\/p>\n<p><img decoding=\"async\" src=\"https:\/\/www.duerkopp-adler.com\/commons\/download\/technologie_praxis_images\/seg_shoes_pfaff_da_ksl.jpg\"><a href=\"https:\/\/www.duerkopp-adler.com\/commons\/download\/technology_praxis\/seg_shoes_pfaff_da_ksl.pdf\"><img loading=\"lazy\" decoding=\"async\" class=\"alignnone\" src=\"https:\/\/www.duerkopp-adler.com\/commons\/news\/images\/Button-Download.jpg\" alt=\"Button-Download\" width=\"127\" height=\"50\"><\/a><\/p>\n<p>&nbsp;<\/p>\n<p><span style=\"color: #003366;\"><strong>T\u00e0i Li\u1ec7u Cho M\u00e1y May C\u00f4ng Nghi\u1ec7p S\u1ea3n Xu\u1ea5t Qu\u1ea7n T\u00e2y Duerkopp Adler<\/strong><\/span><\/p>\n<p><img decoding=\"async\" src=\"https:\/\/www.duerkopp-adler.com\/commons\/download\/technologie_praxis_images\/segm-trousers_354x260px.jpg\"><a href=\"https:\/\/www.duerkopp-adler.com\/commons\/download\/technology_praxis\/Segm_Trousers_DA_Beisler_Pfaff_2016.pdf\"><img loading=\"lazy\" decoding=\"async\" class=\"alignnone\" src=\"https:\/\/www.duerkopp-adler.com\/commons\/news\/images\/Button-Download.jpg\" alt=\"Button-Download\" width=\"127\" height=\"50\"><\/a><\/p>\n<p>&nbsp;<\/p>\n<p><span style=\"color: #003366;\"><strong>T\u00e0i Li\u1ec7u Nghi\u00ean C\u1ee9u Ph\u00e1t Tri\u1ec3n Ng\u00e0nh May<\/strong><\/span><\/p>\n<p><img decoding=\"async\" src=\"https:\/\/www.duerkopp-adler.com\/commons\/download\/technologie_praxis_images\/mp_outlook-studies_2013.jpg\"><a href=\"https:\/\/www.duerkopp-adler.com\/commons\/download\/technology_praxis\/DA_Outlook-Studies_2013.pdf\"><img loading=\"lazy\" decoding=\"async\" class=\"alignnone\" src=\"https:\/\/www.duerkopp-adler.com\/commons\/news\/images\/Button-Download.jpg\" alt=\"Button-Download\" width=\"127\" height=\"50\"><\/a><\/p>\n<p>&nbsp;<\/p>\n<p><span style=\"color: #003366;\"><strong>T\u00e0i Li\u1ec7u C\u00f4ng Ngh\u1ec7 V\u00e0 Th\u1ef1c H\u00e0nh May \u00c1o Kho\u00e1c\/Blazer<\/strong><\/span><\/p>\n<p><img loading=\"lazy\" decoding=\"async\" class=\"\" src=\"https:\/\/www.duerkopp-adler.com\/commons\/download\/technologie_praxis_images\/tp_jacket_blazer-2012.jpg\" width=\"353\" height=\"259\"><a href=\"https:\/\/www.duerkopp-adler.com\/commons\/download\/technology_praxis\/da_tp_jacket_blazer_01-2013.pdf\"><img loading=\"lazy\" decoding=\"async\" class=\"alignnone\" src=\"https:\/\/www.duerkopp-adler.com\/commons\/news\/images\/Button-Download.jpg\" alt=\"Button-Download\" width=\"127\" height=\"50\"><\/a><\/p>\n<p>&nbsp;<\/p>\n<p><span style=\"color: #003366;\"><strong>T\u00e0i Li\u1ec7u C\u00f4ng Ngh\u1ec7 V\u00e0 Th\u1ef1c H\u00e0nh May \u00c1o Kho\u00e1c Cho N\u1eef<\/strong><\/span><\/p>\n<p><img loading=\"lazy\" decoding=\"async\" class=\"\" src=\"https:\/\/www.duerkopp-adler.com\/commons\/download\/technologie_praxis_images\/tp_ladies_blouses.jpg\" width=\"353\" height=\"259\"><a href=\"https:\/\/www.duerkopp-adler.com\/commons\/download\/technology_praxis\/mp_ladies_blouses_06-2007.pdf\"><img loading=\"lazy\" decoding=\"async\" class=\"alignnone\" src=\"https:\/\/www.duerkopp-adler.com\/commons\/news\/images\/Button-Download.jpg\" alt=\"Button-Download\" width=\"127\" height=\"50\"><\/a><\/p>\n<p>&nbsp;<\/p>\n<p><span style=\"color: #003366;\"><strong>T\u00e0i Li\u1ec7u C\u00f4ng Ngh\u1ec7 V\u00e0 Th\u1ef1c H\u00e0nh May Gi\u00e0y<\/strong><\/span><\/p>\n<p><img decoding=\"async\" src=\"https:\/\/www.duerkopp-adler.com\/commons\/download\/technologie_praxis_images\/tp-shoes-web.jpg\"><a href=\"https:\/\/www.duerkopp-adler.com\/commons\/download\/technology_praxis\/Technologie_Praxis_shoes.pdf\"><img loading=\"lazy\" decoding=\"async\" class=\"alignnone\" src=\"https:\/\/www.duerkopp-adler.com\/commons\/news\/images\/Button-Download.jpg\" alt=\"Button-Download\" width=\"127\" height=\"50\"><\/a><\/p>\n<p>&nbsp;<\/p>\n<p><span style=\"color: #003366;\"><strong>T\u00e0i Li\u1ec7u C\u00f4ng Ngh\u1ec7 V\u00e0 Th\u1ef1c H\u00e0nh May \u00c1o S\u01a1 Mi Nam<\/strong><\/span><\/p>\n<p><img loading=\"lazy\" decoding=\"async\" class=\"\" src=\"https:\/\/www.duerkopp-adler.com\/commons\/download\/technologie_praxis_images\/tp_men_shirt.jpg\" width=\"354\" height=\"260\"><a href=\"https:\/\/www.duerkopp-adler.com\/commons\/download\/technology_praxis\/mp_mens_shirt_05-2007.pdf\"><img loading=\"lazy\" decoding=\"async\" class=\"alignnone\" src=\"https:\/\/www.duerkopp-adler.com\/commons\/news\/images\/Button-Download.jpg\" alt=\"Button-Download\" width=\"127\" height=\"50\"><\/a><\/p>\n<p>&nbsp;<\/p>\n<p><span style=\"color: #003366;\"><strong>T\u00e0i Li\u1ec7u C\u00f4ng Ngh\u1ec7 V\u00e0 Th\u1ef1c H\u00e0nh May V\u1ecf B\u1ecdc Gh\u1ebf<\/strong><\/span><\/p>\n<p><img decoding=\"async\" src=\"https:\/\/www.duerkopp-adler.com\/commons\/download\/technologie_praxis_images\/tp_upholstery_2013.jpg\"><a href=\"https:\/\/www.duerkopp-adler.com\/commons\/download\/technology_praxis\/da_tp_upholstery_12-2013.pdf\"><img loading=\"lazy\" decoding=\"async\" class=\"alignnone\" src=\"https:\/\/www.duerkopp-adler.com\/commons\/news\/images\/Button-Download.jpg\" alt=\"Button-Download\" width=\"127\" height=\"50\"><\/a><\/p>\n<p>&nbsp;<\/p>\n<p><span style=\"color: #003366;\"><strong>T\u00e0i Li\u1ec7u C\u00f4ng Ngh\u1ec7 V\u00e0 Th\u1ef1c H\u00e0nh May N\u1ed9i Th\u1ea5t \u00d4T\u00f4<\/strong><\/span><\/p>\n<p><img decoding=\"async\" src=\"https:\/\/www.duerkopp-adler.com\/commons\/download\/technologie_praxis_images\/tp_automotive_2013.jpg\"><a href=\"https:\/\/www.duerkopp-adler.com\/commons\/download\/technology_praxis\/da_tp_automotive_12-2013.pdf\"><img loading=\"lazy\" decoding=\"async\" class=\"alignnone\" src=\"https:\/\/www.duerkopp-adler.com\/commons\/news\/images\/Button-Download.jpg\" alt=\"Button-Download\" width=\"127\" height=\"50\"><\/a><\/p>\n<p>&nbsp;<\/p>\n<p><span style=\"color: #003366;\"><strong>T\u00e0i Li\u1ec7u C\u00f4ng Ngh\u1ec7 V\u00e0 Th\u1ef1c H\u00e0nh May Qu\u1ea7n D\u00e0i<\/strong><\/span><\/p>\n<p><img loading=\"lazy\" decoding=\"async\" class=\"\" src=\"https:\/\/www.duerkopp-adler.com\/commons\/download\/technologie_praxis_images\/tp_trousers-2012.jpg\" width=\"355\" height=\"261\"><a href=\"https:\/\/www.duerkopp-adler.com\/commons\/download\/technology_praxis\/da_tp_trousers_01-2013.pdf\"><img loading=\"lazy\" decoding=\"async\" class=\"alignnone\" src=\"https:\/\/www.duerkopp-adler.com\/commons\/news\/images\/Button-Download.jpg\" alt=\"Button-Download\" width=\"127\" height=\"50\"><\/a><\/p>\n<p>&nbsp;<\/p>\n<p><span style=\"color: #003366;\"><strong>T\u00e0i Li\u1ec7u C\u00f4ng Ngh\u1ec7 V\u00e0 Th\u1ef1c H\u00e0nh Cho C\u00e1c \u1ee8ng D\u1ee5ng \u0110\u1eb7c Bi\u1ec7t<\/strong><\/span><\/p>\n<p><img loading=\"lazy\" decoding=\"async\" class=\"\" src=\"https:\/\/www.duerkopp-adler.com\/commons\/download\/technologie_praxis_images\/webDA_Special-Applications_de_05-2016_Seite_1.jpg\" width=\"354\" height=\"260\"><a href=\"https:\/\/www.duerkopp-adler.com\/commons\/download\/technology_praxis\/DA_Special-Applications_en_05-2020.pdf\"><img loading=\"lazy\" decoding=\"async\" class=\"alignnone\" src=\"https:\/\/www.duerkopp-adler.com\/commons\/news\/images\/Button-Download.jpg\" alt=\"Button-Download\" width=\"127\" height=\"50\"><\/a><\/p>\n<p>&nbsp;<\/p>\n<p><span style=\"color: #003366;\"><strong>T\u00e0i Li\u1ec7u H\u01b0\u1edbng D\u1eabn S\u1eed D\u1ee5ng M\u00e1y May Gia \u0110\u00ecnh Butterfly Series JH5000&nbsp;<\/strong><\/span><\/p>\n\n\n\n<figure class=\"wp-block-image size-large\"><img loading=\"lazy\" decoding=\"async\" width=\"595\" height=\"422\" src=\"http:\/\/dap-vietnam.com.vn\/wp-content\/uploads\/2021\/06\/10.06.jpg\" alt=\"\" class=\"wp-image-1919\" srcset=\"https:\/\/dap-vietnam.com.vn\/wp-content\/uploads\/2021\/06\/10.06.jpg 595w, https:\/\/dap-vietnam.com.vn\/wp-content\/uploads\/2021\/06\/10.06-300x213.jpg 300w\" sizes=\"(max-width: 595px) 100vw, 595px\" \/><\/figure>\n\n\n\n<div class=\"wp-block-file\"><a href=\"http:\/\/dap-vietnam.com.vn\/wp-content\/uploads\/2021\/06\/JH5000-Vietnamese-Manual-Final.pdf\"><strong>JH5000-Vietnamese-Manual-Final<\/strong><\/a><a href=\"http:\/\/dap-vietnam.com.vn\/wp-content\/uploads\/2021\/06\/JH5000-Vietnamese-Manual-Final.pdf\" class=\"wp-block-file__button\" download>T\u1ea3i xu\u1ed1ng<\/a><\/div>\n\n\n\n<p>&nbsp;<\/p>\n<p><span style=\"color: #003366;\"><strong>T\u00e0i Li\u1ec7u H\u01b0\u1edbng D\u1eabn S\u1eed D\u1ee5ng M\u00e1y May Gia \u0110\u00ecnh Butterfly Series JH1000<\/strong><\/span><\/p>\n\n\n\n<figure class=\"wp-block-image size-large\"><img loading=\"lazy\" decoding=\"async\" width=\"358\" height=\"497\" src=\"http:\/\/dap-vietnam.com.vn\/wp-content\/uploads\/2021\/06\/11.06.21.jpg\" alt=\"\" class=\"wp-image-1924\" srcset=\"https:\/\/dap-vietnam.com.vn\/wp-content\/uploads\/2021\/06\/11.06.21.jpg 358w, https:\/\/dap-vietnam.com.vn\/wp-content\/uploads\/2021\/06\/11.06.21-216x300.jpg 216w\" sizes=\"(max-width: 358px) 100vw, 358px\" \/><\/figure>\n\n\n\n<div class=\"wp-block-file\"><a href=\"http:\/\/dap-vietnam.com.vn\/wp-content\/uploads\/2021\/06\/JD1000-Vietnamese-Manual-_-Final.pdf\"><strong>JD1000-Vietnamese-Manual_Final<\/strong><\/a><a href=\"http:\/\/dap-vietnam.com.vn\/wp-content\/uploads\/2021\/06\/JD1000-Vietnamese-Manual-_-Final.pdf\" class=\"wp-block-file__button\" download>T\u1ea3i xu\u1ed1ng<\/a><\/div>\n\n\n\n<p><span style=\"color: #003366;\"><strong>T\u00e0i Li\u1ec7u H\u01b0\u1edbng D\u1eabn S\u1eed D\u1ee5ng M\u00e1y May Gia \u0110\u00ecnh Butterfly Series JHK25A<\/strong><\/span><\/p>\n<p><img loading=\"lazy\" decoding=\"async\" class=\"alignnone  wp-image-1933\" src=\"http:\/\/dap-vietnam.com.vn\/wp-content\/uploads\/2021\/06\/JHK25A.jpg\" alt=\"\" width=\"598\" height=\"419\" srcset=\"https:\/\/dap-vietnam.com.vn\/wp-content\/uploads\/2021\/06\/JHK25A.jpg 712w, https:\/\/dap-vietnam.com.vn\/wp-content\/uploads\/2021\/06\/JHK25A-300x210.jpg 300w\" sizes=\"(max-width: 598px) 100vw, 598px\" \/><\/p>\n\n\n\n<div class=\"wp-block-file\"><a href=\"http:\/\/dap-vietnam.com.vn\/wp-content\/uploads\/2021\/06\/JHK25A-Vietnamese-Manual.pdf\">JHK25A-Vietnamese-Manual<\/a><a href=\"http:\/\/dap-vietnam.com.vn\/wp-content\/uploads\/2021\/06\/JHK25A-Vietnamese-Manual.pdf\" class=\"wp-block-file__button\" download>T\u1ea3i xu\u1ed1ng<\/a><\/div>\n\n\n\n<h5>T\u00e0i li\u1ec7u m\u1edbi tr\u1ef1c tuy\u1ebfn ngay b\u00e2y gi\u1edd: T\u00ecm thi\u1ebft l\u1eadp may ho\u00e0n h\u1ea3o cho s\u1ea3n xu\u1ea5t l\u1ec1u nhanh ch\u00f3ng v\u00e0 d\u1ec5 d\u00e0ng!<\/h5>\n<p><img decoding=\"async\" src=\"https:\/\/www.duerkopp-adler.com\/commons\/news\/images\/Zeltfertigung-Broschuere_589px.jpg\" alt=\"Zeltfertigung-Broschuere_589px\" \/><\/p>\n<p>\u00a0 \u00a0 \u00a0 \u00a0 \u00a0 \u00a0 \u00a0 \u00a0 \u00a0 \u00a0 \u00a0 \u00a0 \u00a0 \u00a0 \u00a0 \u00a0 \u00a0 \u00a0 \u00a0 \u00a0 \u00a0 \u00a0 \u00a0 \u00a0 \u00a0<img loading=\"lazy\" decoding=\"async\" class=\"\" src=\"https:\/\/www.duerkopp-adler.com\/commons\/news\/images\/Broschuere_herunterladen_EN.jpg\" alt=\"Broschuere_herunterladen_EN\" width=\"160\" height=\"45\" \/><\/p>\n","protected":false},"excerpt":{"rendered":"<p>T\u00e0i Li\u1ec7u Cho M\u00e1y May S\u1ea3n Xu\u1ea5t May M\u1eb7c Duerkopp Adler &nbsp; T\u00e0i Li\u1ec7u Cho M\u00e1y May May S\u1ea3n Xu\u1ea5t N\u1ed9i Th\u1ea5t, N\u1ed9i Th\u1ea5t \u00d4 t\u00f4 v\u00e0 C\u00f4ng Ngh\u1ec7 Duerkopp Adler &nbsp; T\u00e0i Li\u1ec7u Cho Thi\u1ebft B\u1ecb B\u1ed5 Sung M\u00e1y May C\u00f4ng Nghi\u1ec7p Duerkopp Adler &nbsp; T\u00e0i Li\u1ec7u Cho \u1ed4 M\u00e1y M\u00e1y May C\u00f4ng Nghi\u1ec7p &hellip; <\/p>\n<p class=\"link-more\"><a href=\"https:\/\/dap-vietnam.com.vn\/en\/tai-lieu\/\" class=\"more-link\">Continue reading<span class=\"screen-reader-text\"> &#8220;T\u00e0i Li\u1ec7u&#8221;<\/span><\/a><\/p>\n","protected":false},"author":2,"featured_media":0,"parent":0,"menu_order":0,"comment_status":"closed","ping_status":"closed","template":"","meta":{"_acf_changed":false,"footnotes":""},"acf":[],"_links":{"self":[{"href":"https:\/\/dap-vietnam.com.vn\/en\/wp-json\/wp\/v2\/pages\/1901"}],"collection":[{"href":"https:\/\/dap-vietnam.com.vn\/en\/wp-json\/wp\/v2\/pages"}],"about":[{"href":"https:\/\/dap-vietnam.com.vn\/en\/wp-json\/wp\/v2\/types\/page"}],"author":[{"embeddable":true,"href":"https:\/\/dap-vietnam.com.vn\/en\/wp-json\/wp\/v2\/users\/2"}],"replies":[{"embeddable":true,"href":"https:\/\/dap-vietnam.com.vn\/en\/wp-json\/wp\/v2\/comments?post=1901"}],"version-history":[{"count":12,"href":"https:\/\/dap-vietnam.com.vn\/en\/wp-json\/wp\/v2\/pages\/1901\/revisions"}],"predecessor-version":[{"id":1968,"href":"https:\/\/dap-vietnam.com.vn\/en\/wp-json\/wp\/v2\/pages\/1901\/revisions\/1968"}],"wp:attachment":[{"href":"https:\/\/dap-vietnam.com.vn\/en\/wp-json\/wp\/v2\/media?parent=1901"}],"curies":[{"name":"wp","href":"https:\/\/api.w.org\/{rel}","templated":true}]}}