{"id":16,"date":"2018-06-05T03:43:42","date_gmt":"2018-06-05T03:43:42","guid":{"rendered":"http:\/\/dap-vietnam.com.vn\/?page_id=16"},"modified":"2021-03-24T06:32:40","modified_gmt":"2021-03-24T06:32:40","slug":"services","status":"publish","type":"page","link":"https:\/\/dap-vietnam.com.vn\/en\/services\/","title":{"rendered":"Services"},"content":{"rendered":"\n<ul>\n<li>\n<h4><strong>H\u1ed7 Tr\u1ee3 T\u01b0 V\u1ea5n &#8211; B\u00e1o Gi\u00e1 S\u1ea3n Ph\u1ea9m<\/strong><\/h4>\n<\/li>\n<\/ul>\n<p>Nh\u00e2n vi\u00ean kinh doanh h\u1ed7 tr\u1ee3 t\u01b0 v\u1ea5n s\u1ea3n ph\u1ea9m &#8211; b\u00e1o gi\u00e1 c\u00e1c s\u1ea3n ph\u1ea9m m\u00e1y may c\u1ee7a c\u00f4ng ty cho kh\u00e1ch h\u00e0ng, \u0111\u1ed1i t\u00e1c\u00a0<\/p>\n<ul>\n<li>\n<h4>H\u1ed7 Tr\u1ee3 K\u0129 Thu\u1eadt &#8211; S\u1eeda Ch\u1eefa S\u1ea3n Ph\u1ea9m<\/h4>\n<\/li>\n<\/ul>\n<p>Kh\u00e1ch h\u00e0ng li\u00ean h\u1ec7 b\u00e1o t\u00ecnh tr\u1ea1ng m\u00e1y, DAP h\u1ed7 tr\u1ee3 s\u1eafp x\u1ebfp k\u0129 thu\u1eadt h\u1ed7 tr\u1ee3 k\u1ecbp th\u1eddi t\u1edbi kh\u00e1ch h\u00e0ng<\/p>\n<ul>\n<li>\n<h4>D\u1ecbch V\u1ee5 B\u1ea3o H\u00e0nh &#8211; \u0110\u1ed5i Tr\u1ea3 S\u1ea3n Ph\u1ea9m<\/h4>\n<\/li>\n<\/ul>\n<p>Kh\u00e1ch h\u00e0ng li\u00ean h\u1ec7 \u0111\u1ec3 \u0111\u01b0\u1ee3c h\u1ed7 tr\u1ee3 d\u1ecbch v\u1ee5 b\u1ea3o h\u00e0nh &#8211; \u0111\u1ed5i tr\u1ea3 s\u1ea3n ph\u1ea9m.<\/p>\n<ul>\n<li>\n<h4>C\u00e1c D\u1ecbch V\u1ee5 H\u1ed7 Tr\u1ee3 Kh\u00e1c<\/h4>\n<\/li>\n<\/ul>\n<p>C\u00e1c d\u1ecbch v\u1ee5 h\u1ed7 tr\u1ee3 kh\u00e1c, kh\u00e1ch h\u00e0ng vui l\u00f2ng li\u00ean h\u1ec7 \u0111\u1ec3 \u0111\u01b0\u1ee3c h\u1ed7 tr\u1ee3 chi ti\u1ebft<\/p>\n","protected":false},"excerpt":{"rendered":"<p>H\u1ed7 Tr\u1ee3 T\u01b0 V\u1ea5n &#8211; B\u00e1o Gi\u00e1 S\u1ea3n Ph\u1ea9m Nh\u00e2n vi\u00ean kinh doanh h\u1ed7 tr\u1ee3 t\u01b0 v\u1ea5n s\u1ea3n ph\u1ea9m &#8211; b\u00e1o gi\u00e1 c\u00e1c s\u1ea3n ph\u1ea9m m\u00e1y may c\u1ee7a c\u00f4ng ty cho kh\u00e1ch h\u00e0ng, \u0111\u1ed1i t\u00e1c\u00a0 H\u1ed7 Tr\u1ee3 K\u0129 Thu\u1eadt &#8211; S\u1eeda Ch\u1eefa S\u1ea3n Ph\u1ea9m Kh\u00e1ch h\u00e0ng li\u00ean h\u1ec7 b\u00e1o t\u00ecnh tr\u1ea1ng m\u00e1y, DAP h\u1ed7 tr\u1ee3 &hellip; <\/p>\n<p class=\"link-more\"><a href=\"https:\/\/dap-vietnam.com.vn\/en\/services\/\" class=\"more-link\">Continue reading<span class=\"screen-reader-text\"> &#8220;Services&#8221;<\/span><\/a><\/p>\n","protected":false},"author":1,"featured_media":0,"parent":0,"menu_order":0,"comment_status":"closed","ping_status":"closed","template":"templates\/page-services.php","meta":{"_acf_changed":false,"footnotes":""},"acf":[],"_links":{"self":[{"href":"https:\/\/dap-vietnam.com.vn\/en\/wp-json\/wp\/v2\/pages\/16"}],"collection":[{"href":"https:\/\/dap-vietnam.com.vn\/en\/wp-json\/wp\/v2\/pages"}],"about":[{"href":"https:\/\/dap-vietnam.com.vn\/en\/wp-json\/wp\/v2\/types\/page"}],"author":[{"embeddable":true,"href":"https:\/\/dap-vietnam.com.vn\/en\/wp-json\/wp\/v2\/users\/1"}],"replies":[{"embeddable":true,"href":"https:\/\/dap-vietnam.com.vn\/en\/wp-json\/wp\/v2\/comments?post=16"}],"version-history":[{"count":5,"href":"https:\/\/dap-vietnam.com.vn\/en\/wp-json\/wp\/v2\/pages\/16\/revisions"}],"predecessor-version":[{"id":1641,"href":"https:\/\/dap-vietnam.com.vn\/en\/wp-json\/wp\/v2\/pages\/16\/revisions\/1641"}],"wp:attachment":[{"href":"https:\/\/dap-vietnam.com.vn\/en\/wp-json\/wp\/v2\/media?parent=16"}],"curies":[{"name":"wp","href":"https:\/\/api.w.org\/{rel}","templated":true}]}}